{"id":26,"date":"2020-03-24T20:06:39","date_gmt":"2020-03-24T19:06:39","guid":{"rendered":"http:\/\/shrektoubibs.lhmc.be\/?page_id=26"},"modified":"2020-03-24T20:52:15","modified_gmt":"2020-03-24T19:52:15","slug":"a-propos-de","status":"publish","type":"page","link":"https:\/\/shrektoubibs.lhmc.be\/index.php\/a-propos-de\/","title":{"rendered":"\u00c0 propos de"},"content":{"rendered":"<p><\/p>\n\n\n<\/p>\n<p>C&rsquo;est la recherche d&rsquo;une solution ais\u00e9e de communication entre les membres de la commission ontologique multi-disciplinaire que nous ( Dr N\u00f8rgaard, votre serviteur, le Dr Claire Wachters et le Dr Luc Mathieu ) nous sommes dits que la technologie devait se mettre \u00e0 notre service. Premi\u00e8re objectif atteint: proposer des r\u00e9unions vid\u00e9o dont le lien serait centralis\u00e9 ici!\u00a0<\/p>\n<p>\n\n\n<p><\/p>","protected":false},"excerpt":{"rendered":"<p>C&rsquo;est la recherche d&rsquo;une solution ais\u00e9e de communication entre les membres de la commission ontologique multi-disciplinaire que nous ( Dr N\u00f8rgaard, votre serviteur, le Dr Claire Wachters et le Dr Luc Mathieu ) nous sommes dits que la technologie devait se mettre \u00e0 notre service. Premi\u00e8re objectif atteint: proposer des r\u00e9unions vid\u00e9o dont le lien &hellip; <\/p>\n<p class=\"link-more\"><a href=\"https:\/\/shrektoubibs.lhmc.be\/index.php\/a-propos-de\/\" class=\"more-link\">Continuer la lecture<span class=\"screen-reader-text\"> de &laquo;&nbsp;\u00c0 propos de&nbsp;&raquo;<\/span><\/a><\/p>\n","protected":false},"author":1,"featured_media":40,"parent":0,"menu_order":0,"comment_status":"closed","ping_status":"closed","template":"","meta":[],"yoast_head":"<!-- This site is optimized with the Yoast SEO plugin v16.2 - https:\/\/yoast.com\/wordpress\/plugins\/seo\/ -->\n<title>\u00c0 propos de - SHREKTOUBIBS<\/title>\n<meta name=\"robots\" content=\"index, follow, max-snippet:-1, max-image-preview:large, max-video-preview:-1\" \/>\n<link rel=\"canonical\" href=\"https:\/\/shrektoubibs.lhmc.be\/index.php\/a-propos-de\/\" \/>\n<meta property=\"og:locale\" content=\"fr_FR\" \/>\n<meta property=\"og:type\" content=\"article\" \/>\n<meta property=\"og:title\" content=\"\u00c0 propos de - SHREKTOUBIBS\" \/>\n<meta property=\"og:description\" content=\"C&rsquo;est la recherche d&rsquo;une solution ais\u00e9e de communication entre les membres de la commission ontologique multi-disciplinaire que nous ( Dr N\u00f8rgaard, votre serviteur, le Dr Claire Wachters et le Dr Luc Mathieu ) nous sommes dits que la technologie devait se mettre \u00e0 notre service. Premi\u00e8re objectif atteint: proposer des r\u00e9unions vid\u00e9o dont le lien &hellip; Continuer la lecture de &laquo;&nbsp;\u00c0 propos de&nbsp;&raquo;\" \/>\n<meta property=\"og:url\" content=\"https:\/\/shrektoubibs.lhmc.be\/index.php\/a-propos-de\/\" \/>\n<meta property=\"og:site_name\" content=\"SHREKTOUBIBS\" \/>\n<meta property=\"article:modified_time\" content=\"2020-03-24T19:52:15+00:00\" \/>\n<meta property=\"og:image\" content=\"https:\/\/shrektoubibs.lhmc.be\/wp-content\/uploads\/2020\/03\/fullsizeoutput_50b4.jpeg\" \/>\n\t<meta property=\"og:image:width\" content=\"2272\" \/>\n\t<meta property=\"og:image:height\" content=\"1704\" \/>\n<meta name=\"twitter:card\" content=\"summary_large_image\" \/>\n<script type=\"application\/ld+json\" class=\"yoast-schema-graph\">{\"@context\":\"https:\/\/schema.org\",\"@graph\":[{\"@type\":\"WebSite\",\"@id\":\"https:\/\/shrektoubibs.lhmc.be\/#website\",\"url\":\"https:\/\/shrektoubibs.lhmc.be\/\",\"name\":\"SHREKTOUBIBS\",\"description\":\"Pour mieux nous rendre service !\",\"potentialAction\":[{\"@type\":\"SearchAction\",\"target\":\"https:\/\/shrektoubibs.lhmc.be\/?s={search_term_string}\",\"query-input\":\"required name=search_term_string\"}],\"inLanguage\":\"fr-FR\"},{\"@type\":\"ImageObject\",\"@id\":\"https:\/\/shrektoubibs.lhmc.be\/index.php\/a-propos-de\/#primaryimage\",\"inLanguage\":\"fr-FR\",\"url\":\"https:\/\/shrektoubibs.lhmc.be\/wp-content\/uploads\/2020\/03\/fullsizeoutput_50b4.jpeg\",\"contentUrl\":\"https:\/\/shrektoubibs.lhmc.be\/wp-content\/uploads\/2020\/03\/fullsizeoutput_50b4.jpeg\",\"width\":2272,\"height\":1704},{\"@type\":\"WebPage\",\"@id\":\"https:\/\/shrektoubibs.lhmc.be\/index.php\/a-propos-de\/#webpage\",\"url\":\"https:\/\/shrektoubibs.lhmc.be\/index.php\/a-propos-de\/\",\"name\":\"\\u00c0 propos de - SHREKTOUBIBS\",\"isPartOf\":{\"@id\":\"https:\/\/shrektoubibs.lhmc.be\/#website\"},\"primaryImageOfPage\":{\"@id\":\"https:\/\/shrektoubibs.lhmc.be\/index.php\/a-propos-de\/#primaryimage\"},\"datePublished\":\"2020-03-24T19:06:39+00:00\",\"dateModified\":\"2020-03-24T19:52:15+00:00\",\"breadcrumb\":{\"@id\":\"https:\/\/shrektoubibs.lhmc.be\/index.php\/a-propos-de\/#breadcrumb\"},\"inLanguage\":\"fr-FR\",\"potentialAction\":[{\"@type\":\"ReadAction\",\"target\":[\"https:\/\/shrektoubibs.lhmc.be\/index.php\/a-propos-de\/\"]}]},{\"@type\":\"BreadcrumbList\",\"@id\":\"https:\/\/shrektoubibs.lhmc.be\/index.php\/a-propos-de\/#breadcrumb\",\"itemListElement\":[{\"@type\":\"ListItem\",\"position\":1,\"item\":{\"@type\":\"WebPage\",\"@id\":\"https:\/\/shrektoubibs.lhmc.be\/\",\"url\":\"https:\/\/shrektoubibs.lhmc.be\/\",\"name\":\"Accueil\"}},{\"@type\":\"ListItem\",\"position\":2,\"item\":{\"@id\":\"https:\/\/shrektoubibs.lhmc.be\/index.php\/a-propos-de\/#webpage\"}}]}]}<\/script>\n<!-- \/ Yoast SEO plugin. -->","_links":{"self":[{"href":"https:\/\/shrektoubibs.lhmc.be\/index.php\/wp-json\/wp\/v2\/pages\/26"}],"collection":[{"href":"https:\/\/shrektoubibs.lhmc.be\/index.php\/wp-json\/wp\/v2\/pages"}],"about":[{"href":"https:\/\/shrektoubibs.lhmc.be\/index.php\/wp-json\/wp\/v2\/types\/page"}],"author":[{"embeddable":true,"href":"https:\/\/shrektoubibs.lhmc.be\/index.php\/wp-json\/wp\/v2\/users\/1"}],"replies":[{"embeddable":true,"href":"https:\/\/shrektoubibs.lhmc.be\/index.php\/wp-json\/wp\/v2\/comments?post=26"}],"version-history":[{"count":6,"href":"https:\/\/shrektoubibs.lhmc.be\/index.php\/wp-json\/wp\/v2\/pages\/26\/revisions"}],"predecessor-version":[{"id":73,"href":"https:\/\/shrektoubibs.lhmc.be\/index.php\/wp-json\/wp\/v2\/pages\/26\/revisions\/73"}],"wp:featuredmedia":[{"embeddable":true,"href":"https:\/\/shrektoubibs.lhmc.be\/index.php\/wp-json\/wp\/v2\/media\/40"}],"wp:attachment":[{"href":"https:\/\/shrektoubibs.lhmc.be\/index.php\/wp-json\/wp\/v2\/media?parent=26"}],"curies":[{"name":"wp","href":"https:\/\/api.w.org\/{rel}","templated":true}]}}