{"id":25,"date":"2020-03-24T20:06:39","date_gmt":"2020-03-24T19:06:39","guid":{"rendered":"http:\/\/shrektoubibs.lhmc.be\/?page_id=25"},"modified":"2020-03-24T23:57:59","modified_gmt":"2020-03-24T22:57:59","slug":"accueil","status":"publish","type":"page","link":"https:\/\/shrektoubibs.lhmc.be\/","title":{"rendered":"Accueil"},"content":{"rendered":"\n<p>Bienvenue sur Shrektoubibs! Un portail simple d\u00e9di\u00e9 \u00e0 r\u00e9unir toute une s\u00e9rie d&rsquo;informations utiles \u00e0 notre communaut\u00e9. Trouvez-y infos administratives ou r\u00e9unions en Visio conf\u00e9rence ou encore articles d&rsquo;utilit\u00e9 publique. <\/p>\n","protected":false},"excerpt":{"rendered":"<p>Bienvenue sur Shrektoubibs! Un portail simple d\u00e9di\u00e9 \u00e0 r\u00e9unir toute une s\u00e9rie d&rsquo;informations utiles \u00e0 notre communaut\u00e9. Trouvez-y infos administratives ou r\u00e9unions en Visio conf\u00e9rence ou encore articles d&rsquo;utilit\u00e9 publique.<\/p>\n","protected":false},"author":1,"featured_media":57,"parent":0,"menu_order":0,"comment_status":"closed","ping_status":"closed","template":"","meta":[],"yoast_head":"<!-- This site is optimized with the Yoast SEO plugin v16.2 - https:\/\/yoast.com\/wordpress\/plugins\/seo\/ -->\n<title>Accueil - SHREKTOUBIBS<\/title>\n<meta name=\"robots\" content=\"index, follow, max-snippet:-1, max-image-preview:large, max-video-preview:-1\" \/>\n<link rel=\"canonical\" href=\"https:\/\/shrektoubibs.lhmc.be\/\" \/>\n<meta property=\"og:locale\" content=\"fr_FR\" \/>\n<meta property=\"og:type\" content=\"article\" \/>\n<meta property=\"og:title\" content=\"Accueil - SHREKTOUBIBS\" \/>\n<meta property=\"og:description\" content=\"Bienvenue sur Shrektoubibs! Un portail simple d\u00e9di\u00e9 \u00e0 r\u00e9unir toute une s\u00e9rie d&rsquo;informations utiles \u00e0 notre communaut\u00e9. Trouvez-y infos administratives ou r\u00e9unions en Visio conf\u00e9rence ou encore articles d&rsquo;utilit\u00e9 publique.\" \/>\n<meta property=\"og:url\" content=\"https:\/\/shrektoubibs.lhmc.be\/\" \/>\n<meta property=\"og:site_name\" content=\"SHREKTOUBIBS\" \/>\n<meta property=\"article:modified_time\" content=\"2020-03-24T22:57:59+00:00\" \/>\n<meta property=\"og:image\" content=\"https:\/\/shrektoubibs.lhmc.be\/wp-content\/uploads\/2020\/03\/coronavirus-masque.jpg\" \/>\n\t<meta property=\"og:image:width\" content=\"1280\" \/>\n\t<meta property=\"og:image:height\" content=\"720\" \/>\n<meta name=\"twitter:card\" content=\"summary_large_image\" \/>\n<script type=\"application\/ld+json\" class=\"yoast-schema-graph\">{\"@context\":\"https:\/\/schema.org\",\"@graph\":[{\"@type\":\"WebSite\",\"@id\":\"https:\/\/shrektoubibs.lhmc.be\/#website\",\"url\":\"https:\/\/shrektoubibs.lhmc.be\/\",\"name\":\"SHREKTOUBIBS\",\"description\":\"Pour mieux nous rendre service !\",\"potentialAction\":[{\"@type\":\"SearchAction\",\"target\":\"https:\/\/shrektoubibs.lhmc.be\/?s={search_term_string}\",\"query-input\":\"required name=search_term_string\"}],\"inLanguage\":\"fr-FR\"},{\"@type\":\"ImageObject\",\"@id\":\"https:\/\/shrektoubibs.lhmc.be\/#primaryimage\",\"inLanguage\":\"fr-FR\",\"url\":\"https:\/\/shrektoubibs.lhmc.be\/wp-content\/uploads\/2020\/03\/coronavirus-masque.jpg\",\"contentUrl\":\"https:\/\/shrektoubibs.lhmc.be\/wp-content\/uploads\/2020\/03\/coronavirus-masque.jpg\",\"width\":1280,\"height\":720},{\"@type\":\"WebPage\",\"@id\":\"https:\/\/shrektoubibs.lhmc.be\/#webpage\",\"url\":\"https:\/\/shrektoubibs.lhmc.be\/\",\"name\":\"Accueil - SHREKTOUBIBS\",\"isPartOf\":{\"@id\":\"https:\/\/shrektoubibs.lhmc.be\/#website\"},\"primaryImageOfPage\":{\"@id\":\"https:\/\/shrektoubibs.lhmc.be\/#primaryimage\"},\"datePublished\":\"2020-03-24T19:06:39+00:00\",\"dateModified\":\"2020-03-24T22:57:59+00:00\",\"breadcrumb\":{\"@id\":\"https:\/\/shrektoubibs.lhmc.be\/#breadcrumb\"},\"inLanguage\":\"fr-FR\",\"potentialAction\":[{\"@type\":\"ReadAction\",\"target\":[\"https:\/\/shrektoubibs.lhmc.be\/\"]}]},{\"@type\":\"BreadcrumbList\",\"@id\":\"https:\/\/shrektoubibs.lhmc.be\/#breadcrumb\",\"itemListElement\":[{\"@type\":\"ListItem\",\"position\":1,\"item\":{\"@type\":\"WebPage\",\"@id\":\"https:\/\/shrektoubibs.lhmc.be\/\",\"url\":\"https:\/\/shrektoubibs.lhmc.be\/\",\"name\":\"Accueil\"}},{\"@type\":\"ListItem\",\"position\":2,\"item\":{\"@id\":\"https:\/\/shrektoubibs.lhmc.be\/#webpage\"}}]}]}<\/script>\n<!-- \/ Yoast SEO plugin. -->","_links":{"self":[{"href":"https:\/\/shrektoubibs.lhmc.be\/index.php\/wp-json\/wp\/v2\/pages\/25"}],"collection":[{"href":"https:\/\/shrektoubibs.lhmc.be\/index.php\/wp-json\/wp\/v2\/pages"}],"about":[{"href":"https:\/\/shrektoubibs.lhmc.be\/index.php\/wp-json\/wp\/v2\/types\/page"}],"author":[{"embeddable":true,"href":"https:\/\/shrektoubibs.lhmc.be\/index.php\/wp-json\/wp\/v2\/users\/1"}],"replies":[{"embeddable":true,"href":"https:\/\/shrektoubibs.lhmc.be\/index.php\/wp-json\/wp\/v2\/comments?post=25"}],"version-history":[{"count":2,"href":"https:\/\/shrektoubibs.lhmc.be\/index.php\/wp-json\/wp\/v2\/pages\/25\/revisions"}],"predecessor-version":[{"id":34,"href":"https:\/\/shrektoubibs.lhmc.be\/index.php\/wp-json\/wp\/v2\/pages\/25\/revisions\/34"}],"wp:featuredmedia":[{"embeddable":true,"href":"https:\/\/shrektoubibs.lhmc.be\/index.php\/wp-json\/wp\/v2\/media\/57"}],"wp:attachment":[{"href":"https:\/\/shrektoubibs.lhmc.be\/index.php\/wp-json\/wp\/v2\/media?parent=25"}],"curies":[{"name":"wp","href":"https:\/\/api.w.org\/{rel}","templated":true}]}}