{"id":229,"date":"2020-04-02T10:29:05","date_gmt":"2020-04-02T08:29:05","guid":{"rendered":"https:\/\/shrektoubibs.lhmc.be\/?page_id=229"},"modified":"2020-04-02T10:29:05","modified_gmt":"2020-04-02T08:29:05","slug":"documents-utiles","status":"publish","type":"page","link":"https:\/\/shrektoubibs.lhmc.be\/index.php\/documents-utiles\/","title":{"rendered":"Documents utiles"},"content":{"rendered":"<div><\/div>\n<div><\/div>\n<div><div class=\"eeSFL\" id=\"eeSFL\">\n\n<script>\n\tvar eeSFLF_PluginURL = \"https:\/\/shrektoubibs.lhmc.be\/wp-content\/plugins\/ee-simple-file-list-folders\/\";\n<\/script>\n\n\n\n<!-- File List -->\n<span class=\"eeSFL_Hide\" id=\"eeSFL_ID\">1<\/span>\n<span class=\"eeSFL_Hide\" id=\"eeSFL_ActionNonce\">a42c9bc9a0<\/span>\n<script>\n\tvar eeSFL_ListID = 1;\n\tvar eeSFL_PluginURL = \"https:\/\/shrektoubibs.lhmc.be\/wp-content\/plugins\/simple-file-list\/\";\n\tvar eeSFL_FileListDir = \"wp-content\/uploads\/simple-file-list\/\";\n\tvar eeSFL_ListFolder = \"\/\";\n<\/script>\n<span class=\"eeSFL_Hide\" id=\"eeSFLF_ListFolder\"><\/span>\n\t<span class=\"eeSFL_Hide\" id=\"eeSFLF_MoveNonce\">57a6fea251<\/span><form id=\"eeSFLS_SearchFiles\" action=\"https:\/\/shrektoubibs.lhmc.be\/index.php\/wp-json\/wp\/v2\/pages\/229\" method=\"POST\">\n\t\t\t\n\t\t\t<input type=\"hidden\" name=\"eeListID\" value=\"1\" \/>\n\t\t\t\n\t\t\t<input class=\"eeSFLS_Datepicker eeValign\" id=\"eeSFLS_From\" type=\"text\" placeholder=\"De\" name=\"eeSFLS_From\" value=\"\" size=\"8\" maxlength=\"16\" \/>\n\t\t\t\n\t\t\t<input class=\"eeSFLS_Datepicker eeValign\" id=\"eeSFLS_To\" type=\"text\" placeholder=\"\u00c0\" name=\"eeSFLS_To\" value=\"\" size=\"8\" maxlength=\"16\" \/>\t\n\t\t\t\n\t\t\t<input placeholder=\"Nom du fichier\" type=\"text\" name=\"eeSFLS_SearchByName\" value=\"\" id=\"eeSFLS_Search\" size=\"16\" maxlength=\"64\" class=\"eeValign\" \/>\n\t\t\t\n\t\t\t<input class=\"button eeButton eeValign\" type=\"submit\" name=\"eeSFLS_Searching\" value=\"Recherche de fichier\" \/>\n\n\t\t<\/form>\n\t\t\n\t\t<br class=\"eeClearFix\" \/><table class=\"eeFiles\"><thead><tr><th class=\"eeSFL_Thumbnail\">Vignette<\/th><th class=\"eeSFL_Sortable eeSFL_FileName\">Nom<\/th><th class=\"eeSFL_Sortable eeSFL_FileSize\">Taille<\/th><th class=\"eeSFL_Sortable eeSFL_FileDate\">Date<\/th><\/tr><\/thead><tbody>\n\t\t\t\t\t\n\t\t\t\t\t<tr id=\"eeSFL_RowID-2\"><td class=\"eeSFL_Thumbnail\"><a href=\"https:\/\/shrektoubibs.lhmc.be\/index.php\/wp-json\/wp\/v2\/pages\/229?eeFolder=Procedures-et-administration-covid-19\" class=\"eeFolderIcon\"><img src=\"https:\/\/shrektoubibs.lhmc.be\/wp-content\/plugins\/simple-file-list\/images\/thumbnails\/folder.svg\" width=\"64\" height=\"64\" alt=\"Thumbnail for Procedures-et-administration-covid-19\" \/><\/a><\/td><td class=\"eeSFL_FileName\"><span class=\"eeSFL_RealFileName eeSFL_Hide\">Procedures-et-administration-covid-19<\/span>\n\t\t\t\t\t\t\n\t\t\t\t\t\t<p class=\"eeSFL_FileLink\"><a class=\"eeSFL_FileName\" href=\"https:\/\/shrektoubibs.lhmc.be\/index.php\/wp-json\/wp\/v2\/pages\/229?eeFolder=Procedures-et-administration-covid-19\">Procedures-et-administration-covid-19<\/a><\/p><p class=\"eeSFL_FileDesc eeSFL_Hide\"><\/p>\n\t\t\t\t\t\t\t\n\t\t\t\t\t\t\t\t<small class=\"eeSFL_ListFileActions\"><a class=\"eeSFL_FileOpen\" href=\"https:\/\/shrektoubibs.lhmc.be\/index.php\/wp-json\/wp\/v2\/pages\/229?eeFolder=Procedures-et-administration-covid-19\">Ouvert<\/a><\/small><\/td><td class=\"eeSFL_FileSize\">5.09 MB<\/td><td class=\"eeSFL_FileDate\">27 avril 2020<\/td><\/tr>\n\t\t\t\t\t\n\t\t\t\t\t<tr id=\"eeSFL_RowID-3\"><td class=\"eeSFL_Thumbnail\"><a href=\"https:\/\/shrektoubibs.lhmc.be\/index.php\/wp-json\/wp\/v2\/pages\/229?eeFolder=Donnees-scientifiques-covid-19\" class=\"eeFolderIcon\"><img src=\"https:\/\/shrektoubibs.lhmc.be\/wp-content\/plugins\/simple-file-list\/images\/thumbnails\/folder.svg\" width=\"64\" height=\"64\" alt=\"Thumbnail for Donnees-scientifiques-covid-19\" \/><\/a><\/td><td class=\"eeSFL_FileName\"><span class=\"eeSFL_RealFileName eeSFL_Hide\">Donnees-scientifiques-covid-19<\/span>\n\t\t\t\t\t\t\n\t\t\t\t\t\t<p class=\"eeSFL_FileLink\"><a class=\"eeSFL_FileName\" href=\"https:\/\/shrektoubibs.lhmc.be\/index.php\/wp-json\/wp\/v2\/pages\/229?eeFolder=Donnees-scientifiques-covid-19\">Donnees-scientifiques-covid-19<\/a><\/p><p class=\"eeSFL_FileDesc eeSFL_Hide\"><\/p>\n\t\t\t\t\t\t\t\n\t\t\t\t\t\t\t\t<small class=\"eeSFL_ListFileActions\"><a class=\"eeSFL_FileOpen\" href=\"https:\/\/shrektoubibs.lhmc.be\/index.php\/wp-json\/wp\/v2\/pages\/229?eeFolder=Donnees-scientifiques-covid-19\">Ouvert<\/a><\/small><\/td><td class=\"eeSFL_FileSize\">2.76 MB<\/td><td class=\"eeSFL_FileDate\">27 avril 2020<\/td><\/tr>\n\t\t\t\t\t\n\t\t\t\t\t<tr id=\"eeSFL_RowID-4\"><td class=\"eeSFL_Thumbnail\"><a href=\"https:\/\/shrektoubibs.lhmc.be\/index.php\/wp-json\/wp\/v2\/pages\/229?eeFolder=Administratif-non-medical\" class=\"eeFolderIcon\"><img src=\"https:\/\/shrektoubibs.lhmc.be\/wp-content\/plugins\/simple-file-list\/images\/thumbnails\/folder.svg\" width=\"64\" height=\"64\" alt=\"Thumbnail for Administratif-non-medical\" \/><\/a><\/td><td class=\"eeSFL_FileName\"><span class=\"eeSFL_RealFileName eeSFL_Hide\">Administratif-non-medical<\/span>\n\t\t\t\t\t\t\n\t\t\t\t\t\t<p class=\"eeSFL_FileLink\"><a class=\"eeSFL_FileName\" href=\"https:\/\/shrektoubibs.lhmc.be\/index.php\/wp-json\/wp\/v2\/pages\/229?eeFolder=Administratif-non-medical\">Administratif-non-medical<\/a><\/p><p class=\"eeSFL_FileDesc eeSFL_Hide\"><\/p>\n\t\t\t\t\t\t\t\n\t\t\t\t\t\t\t\t<small class=\"eeSFL_ListFileActions\"><a class=\"eeSFL_FileOpen\" href=\"https:\/\/shrektoubibs.lhmc.be\/index.php\/wp-json\/wp\/v2\/pages\/229?eeFolder=Administratif-non-medical\">Ouvert<\/a><\/small><\/td><td class=\"eeSFL_FileSize\">3.39 MB<\/td><td class=\"eeSFL_FileDate\">27 avril 2020<\/td><\/tr>\n\t\t\t\t\t\n\t\t\t\t\t<tr id=\"eeSFL_RowID-24\"><td class=\"eeSFL_Thumbnail\"><a href=\"https:\/\/shrektoubibs.lhmc.be\/wp-content\/uploads\/simple-file-list\/Simple-File-List.pdf\" target=\"_blank\"><img src=\"https:\/\/shrektoubibs.lhmc.be\/wp-content\/plugins\/simple-file-list\/images\/thumbnails\/pdf.svg\" width=\"64\" height=\"64\" alt=\"Thumbnail for Simple-File-List.pdf\" \/><\/a><\/td><td class=\"eeSFL_FileName\"><span class=\"eeSFL_RealFileName eeSFL_Hide\">Simple-File-List.pdf<\/span>\n\t\t\t\t\t\t\n\t\t\t\t\t\t<p class=\"eeSFL_FileLink\"><a class=\"eeSFL_FileName\" href=\"https:\/\/shrektoubibs.lhmc.be\/wp-content\/uploads\/simple-file-list\/Simple-File-List.pdf\" target=\"_blank\">Simple-File-List.pdf<\/a><\/p><p class=\"eeSFL_FileDesc eeSFL_Hide\"><\/p>\n\t\t\t\t\t\t\t\n\t\t\t\t\t\t\t\t<small class=\"eeSFL_ListFileActions\"><a class=\"eeSFL_FileOpen\" href=\"https:\/\/shrektoubibs.lhmc.be\/wp-content\/uploads\/simple-file-list\/Simple-File-List.pdf\" target=\"_blank\">Ouvert<\/a> | <a class=\"eeSFL_FileDownload\" href=\"https:\/\/shrektoubibs.lhmc.be\/wp-content\/uploads\/simple-file-list\/Simple-File-List.pdf\" download=\"Simple-File-List.pdf\">T\u00e9l\u00e9charger<\/a><\/small><\/td><td class=\"eeSFL_FileSize\">596.73 KB<\/td><td class=\"eeSFL_FileDate\">2 avril 2020<\/td><\/tr>\n\t\n\t<\/tbody><\/table>\n\t\n\t<p class=\"eeSFL_Hide\">\n\t\t\t<span id=\"eeSFL_FilesCount\">4<\/span>\n\t\t<\/p><div id=\"eeSFL_SendPop\" class=\"eeActive\">\n\t\t\n\t\t\t<article>\n\t\t\t\t\n\t\t\t\t<h2>Envoyer un lien<\/h2>\n\t\t\t\t\n\t\t\t\t<p>Envoyer un e-mail avec des liens vers les fichiers. Ajoutez plus de fichiers si n\u00e9cessaire.<\/p>\n\t\t\t\t\n\t\t\t\t<p id=\"eeSFL_SendTheseFilesList\">Fichiers \u00e0 envoyer: <em><\/em><\/p>\n\t\t\t\t\n\t\t\t\t<form id=\"eeSFL_SendFileForm\" action=\"https:\/\/shrektoubibs.lhmc.be\/index.php\/wp-json\/wp\/v2\/pages\/229\" method=\"POST\">\n\t\t\t\t\t\n\t\t\t\t\t<fieldset id=\"eeSFL_SendInfo\">\n\t\t\t\t\t\t\t\n\t\t\t\t\t\t<label for=\"eeSFL_SendFrom\">Votre adresse<\/label>\n\t\t\t\t\t\t\t<input required type=\"email\" name=\"eeSFL_SendFrom\" value=\"\" size=\"64\" id=\"eeSFL_SendFrom\" \/>\n\t\t\t\t\t\t\t\n\t\t\t\t\t\t<label for=\"eeSFL_SendTo\">L'adresse \u00c0<\/label>\n\t\t\t\t\t\t\t<input required type=\"email\" name=\"eeSFL_SendTo\" value=\"\" size=\"64\" id=\"eeSFL_SendTo\" \/>\n\t\t\t\t\t\t\t\n\t\t\t\t\t\t<label for=\"eeSFL_SendCc\">L'adresse CC<\/label>\n\t\t\t\t\t\t\t<input type=\"text\" name=\"eeSFL_SendCc\" value=\"\" size=\"64\" id=\"eeSFL_SendCc\" \/>\n\t\t\t\t\t\t<div class=\"eeClearFix eeNote\">S\u00e9parer plusieurs adresses avec une virgule<\/div>\n\t\t\t\t\t\t\t\n\t\t\t\t\t\t<label for=\"eeSFL_SendSubject\">Le sujet<\/label>\n\t\t\t\t\t\t\t<input type=\"text\" name=\"eeSFL_SendSubject\" value=\"\" size=\"64\" id=\"eeSFL_SendSubject\" \/>\n\t\t\t\t\t\t\t\n\t\t\t\t\t\t<label for=\"eeSFL_SendMessage\">Le message<\/label>\n\t\t\t\t\t\t\t<textarea name=\"eeSFL_SendMessage\" id=\"eeSFL_SendMessage\" cols=\"64\" rows=\"5\"><\/textarea>\n\t\t\t\t\t\t\t\n\t\t\t\t\t\t<br class=\"eeClearFix\" \/>\n\t\t\t\t\t\n\t\t\t\t\t\t<p class=\"eeSFL_SendButtons\"><button onclick=\"eeSFL_Send_AddMoreFiles();\">Ajouter des fichiers<\/button> <button onclick=\"eeSFL_Send_Cancel();\">Annuler<\/button>\n\t\t\t\t\t\t\t<input type=\"submit\" name=\"eeSFL_Send\" value=\"Envoyer &rarr;\" \/>\n\t\t\t\t\t\t<\/p>\n\t\t\t\t\t\n\t\t\t\t\t<\/fieldset>\n\t\t\t\t\t\t\n\t\t\t\t\t\t<fieldset id=\"eeSFL_SendMoreFiles\">\n\t\t\t\t\t\n\t\t\t\t\t\t<h3>Ajouter d\u2019autres fichiers<\/h3>\n\t\t\t\t\t\t\n\t\t\t\t\t\t<table>\n\t\t\t\t\t\t <tbody>\n\t\t\t\t\t\t\t\n\t\t\t\t\t\t\t\t<tr>\n\t\t\t\t\t\t\t\t    <td class=\"eeAlignRight eeSFL_AddFileID_0\"><input type=\"checkbox\" name=\"eeSFL_SendTheseFiles[]\" value=\"Procedures-et-administration-covid-19%2FHBW_Accompagnement-en-maternit%C3%A9-version-3_20200424.pdf\"\/><\/td>\n\t\t\t\t\t\t\t\t    <td>Procedures-et-administration-covid-19\/HBW_Accompagnement-en-maternit\u00e9-version-3_20200424.pdf<\/td>\n\t\t\t\t\t\t\t\t<\/tr>\n\t\t\t\t\t\t\t\n\t\t\t\t\t\t\t\t<tr>\n\t\t\t\t\t\t\t\t    <td class=\"eeAlignRight eeSFL_AddFileID_1\"><input type=\"checkbox\" name=\"eeSFL_SendTheseFiles[]\" value=\"Administratif-non-medical%2FABSYM_INDEMNITEFORFAITAIREREGIONWALONNEdroitdepasserelleformulaires.pdf\"\/><\/td>\n\t\t\t\t\t\t\t\t    <td>Administratif-non-medical\/ABSYM_INDEMNITEFORFAITAIREREGIONWALONNEdroitdepasserelleformulaires.pdf<\/td>\n\t\t\t\t\t\t\t\t<\/tr>\n\t\t\t\t\t\t\t\n\t\t\t\t\t\t\t\t<tr>\n\t\t\t\t\t\t\t\t    <td class=\"eeAlignRight eeSFL_AddFileID_5\"><input type=\"checkbox\" name=\"eeSFL_SendTheseFiles[]\" value=\"Procedures-et-administration-covid-19%2FCOVID-19_SPF_procedure_hospitals_FR20200416.pdf\"\/><\/td>\n\t\t\t\t\t\t\t\t    <td>Procedures-et-administration-covid-19\/COVID-19_SPF_procedure_hospitals_FR20200416.pdf<\/td>\n\t\t\t\t\t\t\t\t<\/tr>\n\t\t\t\t\t\t\t\n\t\t\t\t\t\t\t\t<tr>\n\t\t\t\t\t\t\t\t    <td class=\"eeAlignRight eeSFL_AddFileID_9\"><input type=\"checkbox\" name=\"eeSFL_SendTheseFiles[]\" value=\"Donnees-scientifiques-covid-19%2FHematologic-biochemical-and-immune-biomarker-abnormalities-associated-with-severe-illness-and-mortality-in-coronavirus-disease-2019-COVID-19_-a-m.pdf\"\/><\/td>\n\t\t\t\t\t\t\t\t    <td>Donnees-scientifiques-covid-19\/Hematologic-biochemical-and-immune-biomarker-abnormalities-associated-with-severe-illness-and-mortality-in-coronavirus-disease-2019-COVID-19_-a-m.pdf<\/td>\n\t\t\t\t\t\t\t\t<\/tr>\n\t\t\t\t\t\t\t\n\t\t\t\t\t\t\t\t<tr>\n\t\t\t\t\t\t\t\t    <td class=\"eeAlignRight eeSFL_AddFileID_8\"><input type=\"checkbox\" name=\"eeSFL_SendTheseFiles[]\" value=\"Donnees-scientifiques-covid-19%2Fcovid-19_gihp-gfht-20200402_final.pdf\"\/><\/td>\n\t\t\t\t\t\t\t\t    <td>Donnees-scientifiques-covid-19\/covid-19_gihp-gfht-20200402_final.pdf<\/td>\n\t\t\t\t\t\t\t\t<\/tr>\n\t\t\t\t\t\t\t\n\t\t\t\t\t\t\t\t<tr>\n\t\t\t\t\t\t\t\t    <td class=\"eeAlignRight eeSFL_AddFileID_7\"><input type=\"checkbox\" name=\"eeSFL_SendTheseFiles[]\" value=\"Donnees-scientifiques-covid-19%2Fcovid19-and-the-cardiovascvular-system.pdf\"\/><\/td>\n\t\t\t\t\t\t\t\t    <td>Donnees-scientifiques-covid-19\/covid19-and-the-cardiovascvular-system.pdf<\/td>\n\t\t\t\t\t\t\t\t<\/tr>\n\t\t\t\t\t\t\t\n\t\t\t\t\t\t\t\t<tr>\n\t\t\t\t\t\t\t\t    <td class=\"eeAlignRight eeSFL_AddFileID_6\"><input type=\"checkbox\" name=\"eeSFL_SendTheseFiles[]\" value=\"Donnees-scientifiques-covid-19%2FDefinition_de_cas_SPF_20200311.pdf\"\/><\/td>\n\t\t\t\t\t\t\t\t    <td>Donnees-scientifiques-covid-19\/Definition_de_cas_SPF_20200311.pdf<\/td>\n\t\t\t\t\t\t\t\t<\/tr>\n\t\t\t\t\t\t\t\n\t\t\t\t\t\t\t\t<tr>\n\t\t\t\t\t\t\t\t    <td class=\"eeAlignRight eeSFL_AddFileID_12\"><input type=\"checkbox\" name=\"eeSFL_SendTheseFiles[]\" value=\"Administratif-non-medical%2F2020-04-21_Recueil-informations-COVID.pdf\"\/><\/td>\n\t\t\t\t\t\t\t\t    <td>Administratif-non-medical\/2020-04-21_Recueil-informations-COVID.pdf<\/td>\n\t\t\t\t\t\t\t\t<\/tr>\n\t\t\t\t\t\t\t\n\t\t\t\t\t\t\t\t<tr>\n\t\t\t\t\t\t\t\t    <td class=\"eeAlignRight eeSFL_AddFileID_11\"><input type=\"checkbox\" name=\"eeSFL_SendTheseFiles[]\" value=\"Donnees-scientifiques-covid-19%2FAttention-should-be-paid-to-venous-thromboembolism-prophylaxis-in-the-management-of-COVID-19.pdf\"\/><\/td>\n\t\t\t\t\t\t\t\t    <td>Donnees-scientifiques-covid-19\/Attention-should-be-paid-to-venous-thromboembolism-prophylaxis-in-the-management-of-COVID-19.pdf<\/td>\n\t\t\t\t\t\t\t\t<\/tr>\n\t\t\t\t\t\t\t\n\t\t\t\t\t\t\t\t<tr>\n\t\t\t\t\t\t\t\t    <td class=\"eeAlignRight eeSFL_AddFileID_10\"><input type=\"checkbox\" name=\"eeSFL_SendTheseFiles[]\" value=\"Donnees-scientifiques-covid-19%2FClinical-course-and-risk-factors-for-mortality-of-adult-inpatients-with-COVID-19-in-Wuhan-China-a-retrospective-cohort-study.pdf\"\/><\/td>\n\t\t\t\t\t\t\t\t    <td>Donnees-scientifiques-covid-19\/Clinical-course-and-risk-factors-for-mortality-of-adult-inpatients-with-COVID-19-in-Wuhan-China-a-retrospective-cohort-study.pdf<\/td>\n\t\t\t\t\t\t\t\t<\/tr>\n\t\t\t\t\t\t\t\n\t\t\t\t\t\t\t\t<tr>\n\t\t\t\t\t\t\t\t    <td class=\"eeAlignRight eeSFL_AddFileID_13\"><input type=\"checkbox\" name=\"eeSFL_SendTheseFiles[]\" value=\"Procedures-et-administration-covid-19%2FHBW-Protocole-de-prise-en-charge-des-patientes-enceintes-en-vue-dun-s%C3%A9jour-%C3%A0-lh%C3%B4pital.pdf\"\/><\/td>\n\t\t\t\t\t\t\t\t    <td>Procedures-et-administration-covid-19\/HBW-Protocole-de-prise-en-charge-des-patientes-enceintes-en-vue-dun-s\u00e9jour-\u00e0-lh\u00f4pital.pdf<\/td>\n\t\t\t\t\t\t\t\t<\/tr>\n\t\t\t\t\t\t\t\n\t\t\t\t\t\t\t\t<tr>\n\t\t\t\t\t\t\t\t    <td class=\"eeAlignRight eeSFL_AddFileID_16\"><input type=\"checkbox\" name=\"eeSFL_SendTheseFiles[]\" value=\"Procedures-et-administration-covid-19%2FVersion-finale-Newsletter-17_04_2020-lignes-directrices-GGOLFB-Obst-et-covid-19_0.pdf\"\/><\/td>\n\t\t\t\t\t\t\t\t    <td>Procedures-et-administration-covid-19\/Version-finale-Newsletter-17_04_2020-lignes-directrices-GGOLFB-Obst-et-covid-19_0.pdf<\/td>\n\t\t\t\t\t\t\t\t<\/tr>\n\t\t\t\t\t\t\t\n\t\t\t\t\t\t\t\t<tr>\n\t\t\t\t\t\t\t\t    <td class=\"eeAlignRight eeSFL_AddFileID_15\"><input type=\"checkbox\" name=\"eeSFL_SendTheseFiles[]\" value=\"Donnees-scientifiques-covid-19%2Fcovid-19-preconisations-caro-sfar-cngof-sur-hemostase-thombose.pdf\"\/><\/td>\n\t\t\t\t\t\t\t\t    <td>Donnees-scientifiques-covid-19\/covid-19-preconisations-caro-sfar-cngof-sur-hemostase-thombose.pdf<\/td>\n\t\t\t\t\t\t\t\t<\/tr>\n\t\t\t\t\t\t\t\n\t\t\t\t\t\t\t\t<tr>\n\t\t\t\t\t\t\t\t    <td class=\"eeAlignRight eeSFL_AddFileID_14\"><input type=\"checkbox\" name=\"eeSFL_SendTheseFiles[]\" value=\"Procedures-et-administration-covid-19%2FDELTA-Protocole-de-prise-en-charge-des-patientes-enceintes-en-vue-d%E2%80%99un-s%C3%A9jour-%C3%A0-l%E2%80%99h%C3%B4pital.pdf\"\/><\/td>\n\t\t\t\t\t\t\t\t    <td>Procedures-et-administration-covid-19\/DELTA-Protocole-de-prise-en-charge-des-patientes-enceintes-en-vue-d\u2019un-s\u00e9jour-\u00e0-l\u2019h\u00f4pital.pdf<\/td>\n\t\t\t\t\t\t\t\t<\/tr>\n\t\t\t\t\t\t\t\n\t\t\t\t\t\t\t\t<tr>\n\t\t\t\t\t\t\t\t    <td class=\"eeAlignRight eeSFL_AddFileID_17\"><input type=\"checkbox\" name=\"eeSFL_SendTheseFiles[]\" value=\"Administratif-non-medical%2Fformalite%CC%81s-administratives-coronavirus_02042020.pdf\"\/><\/td>\n\t\t\t\t\t\t\t\t    <td>Administratif-non-medical\/formalite\u0301s-administratives-coronavirus_02042020.pdf<\/td>\n\t\t\t\t\t\t\t\t<\/tr>\n\t\t\t\t\t\t\t\n\t\t\t\t\t\t\t\t<tr>\n\t\t\t\t\t\t\t\t    <td class=\"eeAlignRight eeSFL_AddFileID_22\"><input type=\"checkbox\" name=\"eeSFL_SendTheseFiles[]\" value=\"Procedures-et-administration-covid-19%2FCOVID-CPN.pdf\"\/><\/td>\n\t\t\t\t\t\t\t\t    <td>Procedures-et-administration-covid-19\/COVID-CPN.pdf<\/td>\n\t\t\t\t\t\t\t\t<\/tr>\n\t\t\t\t\t\t\t\n\t\t\t\t\t\t\t\t<tr>\n\t\t\t\t\t\t\t\t    <td class=\"eeAlignRight eeSFL_AddFileID_21\"><input type=\"checkbox\" name=\"eeSFL_SendTheseFiles[]\" value=\"Procedures-et-administration-covid-19%2FCovid19-et-grossesse-version-5-17-mars-2020.pdf\"\/><\/td>\n\t\t\t\t\t\t\t\t    <td>Procedures-et-administration-covid-19\/Covid19-et-grossesse-version-5-17-mars-2020.pdf<\/td>\n\t\t\t\t\t\t\t\t<\/tr>\n\t\t\t\t\t\t\t\n\t\t\t\t\t\t\t\t<tr>\n\t\t\t\t\t\t\t\t    <td class=\"eeAlignRight eeSFL_AddFileID_20\"><input type=\"checkbox\" name=\"eeSFL_SendTheseFiles[]\" value=\"Procedures-et-administration-covid-19%2FHBW-2020325-Covid-19-et-grossesse.pdf\"\/><\/td>\n\t\t\t\t\t\t\t\t    <td>Procedures-et-administration-covid-19\/HBW-2020325-Covid-19-et-grossesse.pdf<\/td>\n\t\t\t\t\t\t\t\t<\/tr>\n\t\t\t\t\t\t\t\n\t\t\t\t\t\t\t\t<tr>\n\t\t\t\t\t\t\t\t    <td class=\"eeAlignRight eeSFL_AddFileID_19\"><input type=\"checkbox\" name=\"eeSFL_SendTheseFiles[]\" value=\"Administratif-non-medical%2FLABSyM-conseille-aux-me%CC%81decins-de-ve%CC%81rifier-sils-sont-bien-assure%CC%81s-en-dehors-de-leur-spe%CC%81cialite%CC%81-durant-la-pande%CC%81mie-du-Covid.pdf\"\/><\/td>\n\t\t\t\t\t\t\t\t    <td>Administratif-non-medical\/LABSyM-conseille-aux-me\u0301decins-de-ve\u0301rifier-sils-sont-bien-assure\u0301s-en-dehors-de-leur-spe\u0301cialite\u0301-durant-la-pande\u0301mie-du-Covid.pdf<\/td>\n\t\t\t\t\t\t\t\t<\/tr>\n\t\t\t\t\t\t\t\n\t\t\t\t\t\t\t\t<tr>\n\t\t\t\t\t\t\t\t    <td class=\"eeAlignRight eeSFL_AddFileID_18\"><input type=\"checkbox\" name=\"eeSFL_SendTheseFiles[]\" value=\"Donnees-scientifiques-covid-19%2Farbre-de%CC%81cisionnel-covid.jpg\"\/><\/td>\n\t\t\t\t\t\t\t\t    <td>Donnees-scientifiques-covid-19\/arbre-de\u0301cisionnel-covid.jpg<\/td>\n\t\t\t\t\t\t\t\t<\/tr>\n\t\t\t\t\t\t\t\n\t\t\t\t\t\t\t\t<tr>\n\t\t\t\t\t\t\t\t    <td class=\"eeAlignRight eeSFL_AddFileID_23\"><input type=\"checkbox\" name=\"eeSFL_SendTheseFiles[]\" value=\"Procedures-et-administration-covid-19%2FCHIREC_Coronavirus__Recommandations_gestes_barrieres.pdf\"\/><\/td>\n\t\t\t\t\t\t\t\t    <td>Procedures-et-administration-covid-19\/CHIREC_Coronavirus__Recommandations_gestes_barrieres.pdf<\/td>\n\t\t\t\t\t\t\t\t<\/tr>\n\t\t\t\t\t\t\t\n\t\t\t\t\t\t\t\t<tr>\n\t\t\t\t\t\t\t\t    <td class=\"eeAlignRight eeSFL_AddFileID_24\"><input type=\"checkbox\" name=\"eeSFL_SendTheseFiles[]\" value=\"Simple-File-List.pdf\"\/><\/td>\n\t\t\t\t\t\t\t\t    <td>Simple-File-List.pdf<\/td>\n\t\t\t\t\t\t\t\t<\/tr><\/tbody>\n\t\t\t\t\t\t\t<\/table>\n\t\t\t\t\t\t\n\t\t\t\t\t\t\t<p class=\"eeSFL_SendButtons\">\n\t\t\t\t\t\t\t\t<button onclick=\"eeSFL_Send_AddTheseFiles();\">Ajouter des fichiers<\/button>\n\t\t\t\t\t\t\t\t\t<button onclick=\"eeSFL_Send_AddMoreCancel();\">Annuler<\/button>\n\t\t\t\t\t\t\t<\/p>\n\t\t\t\t\t\t\n\t\t\t\t\t\t<\/fieldset>\n\t\t\t\t\n\t\t\t\t<\/form>\n\t\t\t\n\t\t\t<\/article>\n\t\n\t\t<\/div><\/div><\/div>\n","protected":false},"excerpt":{"rendered":"","protected":false},"author":1,"featured_media":0,"parent":0,"menu_order":0,"comment_status":"closed","ping_status":"closed","template":"","meta":[],"yoast_head":"<!-- This site is optimized with the Yoast SEO plugin v16.2 - https:\/\/yoast.com\/wordpress\/plugins\/seo\/ -->\n<title>Documents utiles - SHREKTOUBIBS<\/title>\n<meta name=\"robots\" content=\"index, follow, max-snippet:-1, max-image-preview:large, max-video-preview:-1\" \/>\n<link rel=\"canonical\" href=\"https:\/\/shrektoubibs.lhmc.be\/index.php\/documents-utiles\/\" \/>\n<meta property=\"og:locale\" content=\"fr_FR\" \/>\n<meta property=\"og:type\" content=\"article\" \/>\n<meta property=\"og:title\" content=\"Documents utiles - SHREKTOUBIBS\" \/>\n<meta property=\"og:url\" content=\"https:\/\/shrektoubibs.lhmc.be\/index.php\/documents-utiles\/\" \/>\n<meta property=\"og:site_name\" content=\"SHREKTOUBIBS\" \/>\n<meta name=\"twitter:card\" content=\"summary_large_image\" \/>\n<script type=\"application\/ld+json\" class=\"yoast-schema-graph\">{\"@context\":\"https:\/\/schema.org\",\"@graph\":[{\"@type\":\"WebSite\",\"@id\":\"https:\/\/shrektoubibs.lhmc.be\/#website\",\"url\":\"https:\/\/shrektoubibs.lhmc.be\/\",\"name\":\"SHREKTOUBIBS\",\"description\":\"Pour mieux nous rendre service !\",\"potentialAction\":[{\"@type\":\"SearchAction\",\"target\":\"https:\/\/shrektoubibs.lhmc.be\/?s={search_term_string}\",\"query-input\":\"required name=search_term_string\"}],\"inLanguage\":\"fr-FR\"},{\"@type\":\"WebPage\",\"@id\":\"https:\/\/shrektoubibs.lhmc.be\/index.php\/documents-utiles\/#webpage\",\"url\":\"https:\/\/shrektoubibs.lhmc.be\/index.php\/documents-utiles\/\",\"name\":\"Documents utiles - SHREKTOUBIBS\",\"isPartOf\":{\"@id\":\"https:\/\/shrektoubibs.lhmc.be\/#website\"},\"datePublished\":\"2020-04-02T08:29:05+00:00\",\"dateModified\":\"2020-04-02T08:29:05+00:00\",\"breadcrumb\":{\"@id\":\"https:\/\/shrektoubibs.lhmc.be\/index.php\/documents-utiles\/#breadcrumb\"},\"inLanguage\":\"fr-FR\",\"potentialAction\":[{\"@type\":\"ReadAction\",\"target\":[\"https:\/\/shrektoubibs.lhmc.be\/index.php\/documents-utiles\/\"]}]},{\"@type\":\"BreadcrumbList\",\"@id\":\"https:\/\/shrektoubibs.lhmc.be\/index.php\/documents-utiles\/#breadcrumb\",\"itemListElement\":[{\"@type\":\"ListItem\",\"position\":1,\"item\":{\"@type\":\"WebPage\",\"@id\":\"https:\/\/shrektoubibs.lhmc.be\/\",\"url\":\"https:\/\/shrektoubibs.lhmc.be\/\",\"name\":\"Accueil\"}},{\"@type\":\"ListItem\",\"position\":2,\"item\":{\"@id\":\"https:\/\/shrektoubibs.lhmc.be\/index.php\/documents-utiles\/#webpage\"}}]}]}<\/script>\n<!-- \/ Yoast SEO plugin. -->","_links":{"self":[{"href":"https:\/\/shrektoubibs.lhmc.be\/index.php\/wp-json\/wp\/v2\/pages\/229"}],"collection":[{"href":"https:\/\/shrektoubibs.lhmc.be\/index.php\/wp-json\/wp\/v2\/pages"}],"about":[{"href":"https:\/\/shrektoubibs.lhmc.be\/index.php\/wp-json\/wp\/v2\/types\/page"}],"author":[{"embeddable":true,"href":"https:\/\/shrektoubibs.lhmc.be\/index.php\/wp-json\/wp\/v2\/users\/1"}],"replies":[{"embeddable":true,"href":"https:\/\/shrektoubibs.lhmc.be\/index.php\/wp-json\/wp\/v2\/comments?post=229"}],"version-history":[{"count":1,"href":"https:\/\/shrektoubibs.lhmc.be\/index.php\/wp-json\/wp\/v2\/pages\/229\/revisions"}],"predecessor-version":[{"id":230,"href":"https:\/\/shrektoubibs.lhmc.be\/index.php\/wp-json\/wp\/v2\/pages\/229\/revisions\/230"}],"wp:attachment":[{"href":"https:\/\/shrektoubibs.lhmc.be\/index.php\/wp-json\/wp\/v2\/media?parent=229"}],"curies":[{"name":"wp","href":"https:\/\/api.w.org\/{rel}","templated":true}]}}