{"id":171,"date":"2020-03-31T21:13:11","date_gmt":"2020-03-31T19:13:11","guid":{"rendered":"https:\/\/shrektoubibs.lhmc.be\/?page_id=171"},"modified":"2020-03-31T22:14:04","modified_gmt":"2020-03-31T20:14:04","slug":"reunions","status":"publish","type":"page","link":"https:\/\/shrektoubibs.lhmc.be\/index.php\/reunions\/","title":{"rendered":"Autres articles"},"content":{"rendered":"<ul class=\"wp-block-latest-posts__list has-dates wp-block-latest-posts\"><li><a href=\"https:\/\/shrektoubibs.lhmc.be\/index.php\/2020\/04\/07\/com-seno-du-8-4-2020\/\">COM SENO DU 8\/4\/2020<\/a><time datetime=\"2020-04-07T23:36:34+02:00\" class=\"wp-block-latest-posts__post-date\">7 avril 2020<\/time><div class=\"wp-block-latest-posts__post-excerpt\">Pour acc\u00e9der \u00e0 cette r\u00e9union, il vous faudra: Le mot de passe fourni dans le mail\/message d&rsquo;annonce. Sur MAC\/PC: Chrome &hellip; <p class=\"link-more\"><a href=\"https:\/\/shrektoubibs.lhmc.be\/index.php\/2020\/04\/07\/com-seno-du-8-4-2020\/\" class=\"more-link\">Continuer la lecture<span class=\"screen-reader-text\"> de &laquo;&nbsp;COM SENO DU 8\/4\/2020&nbsp;&raquo;<\/span><\/a><\/p><\/div><\/li>\n<li><a href=\"https:\/\/shrektoubibs.lhmc.be\/index.php\/2020\/04\/02\/reunion-perinee-du-21-04-2020\/\">R\u00e9union p\u00e9rin\u00e9e du 21\/04\/2020<\/a><time datetime=\"2020-04-02T18:22:27+02:00\" class=\"wp-block-latest-posts__post-date\">2 avril 2020<\/time><div class=\"wp-block-latest-posts__post-excerpt\">Photo by\u00a0Dainis Graveris\u00a0from\u00a0Pexels INSTRUCTIONS DE CONNECTION \u00c0 LA R\u00c9UNION: R\u00e9cup\u00e9rez le mot de passe d&rsquo;acc\u00e8s \u00e0 la r\u00e9union fourni dans &hellip; <p class=\"link-more\"><a href=\"https:\/\/shrektoubibs.lhmc.be\/index.php\/2020\/04\/02\/reunion-perinee-du-21-04-2020\/\" class=\"more-link\">Continuer la lecture<span class=\"screen-reader-text\"> de &laquo;&nbsp;R\u00e9union p\u00e9rin\u00e9e du 21\/04\/2020&nbsp;&raquo;<\/span><\/a><\/p><\/div><\/li>\n<li><a href=\"https:\/\/shrektoubibs.lhmc.be\/index.php\/2020\/04\/02\/com-onco-braine-du-09-04-2020\/\">COM Onco Braine du 09\/04\/2020<\/a><time datetime=\"2020-04-02T18:10:26+02:00\" class=\"wp-block-latest-posts__post-date\">2 avril 2020<\/time><div class=\"wp-block-latest-posts__post-excerpt\">Photo by\u00a0National Cancer Institute\u00a0on\u00a0Unsplash INSTRUCTIONS DE CONNECTION \u00c0 LA R\u00c9UNION: R\u00e9cup\u00e9rez le mot de passe d&rsquo;acc\u00e8s \u00e0 la r\u00e9union fourni &hellip; <p class=\"link-more\"><a href=\"https:\/\/shrektoubibs.lhmc.be\/index.php\/2020\/04\/02\/com-onco-braine-du-09-04-2020\/\" class=\"more-link\">Continuer la lecture<span class=\"screen-reader-text\"> de &laquo;&nbsp;COM Onco Braine du 09\/04\/2020&nbsp;&raquo;<\/span><\/a><\/p><\/div><\/li>\n<li><a href=\"https:\/\/shrektoubibs.lhmc.be\/index.php\/2020\/04\/02\/com-onco-braine-du-02-04-2020-bis\/\">COM Onco Braine du 02\/04\/2020<\/a><time datetime=\"2020-04-02T10:12:32+02:00\" class=\"wp-block-latest-posts__post-date\">2 avril 2020<\/time><div class=\"wp-block-latest-posts__post-excerpt\">Photo by&nbsp;Amy Shamblen&nbsp;on&nbsp;Unsplash Pour acc\u00e9der \u00e0 cette r\u00e9union, il vous faudra: Le mot de passe fourni dans le mail\/message d&rsquo;annonce. &hellip; <p class=\"link-more\"><a href=\"https:\/\/shrektoubibs.lhmc.be\/index.php\/2020\/04\/02\/com-onco-braine-du-02-04-2020-bis\/\" class=\"more-link\">Continuer la lecture<span class=\"screen-reader-text\"> de &laquo;&nbsp;COM Onco Braine du 02\/04\/2020&nbsp;&raquo;<\/span><\/a><\/p><\/div><\/li>\n<li><a href=\"https:\/\/shrektoubibs.lhmc.be\/index.php\/2020\/03\/31\/com-seno-du-1-4-2020\/\">COM SENO DU 1\/4\/2020<\/a><time datetime=\"2020-03-31T15:47:12+02:00\" class=\"wp-block-latest-posts__post-date\">31 mars 2020<\/time><div class=\"wp-block-latest-posts__post-excerpt\">Pour acc\u00e9der \u00e0 cette r\u00e9union, il vous faudra: Le mot de passe fourni dans le mail\/message d&rsquo;annonce. Sur MAC\/PC: Chrome &hellip; <p class=\"link-more\"><a href=\"https:\/\/shrektoubibs.lhmc.be\/index.php\/2020\/03\/31\/com-seno-du-1-4-2020\/\" class=\"more-link\">Continuer la lecture<span class=\"screen-reader-text\"> de &laquo;&nbsp;COM SENO DU 1\/4\/2020&nbsp;&raquo;<\/span><\/a><\/p><\/div><\/li>\n<\/ul>","protected":false},"excerpt":{"rendered":"","protected":false},"author":1,"featured_media":0,"parent":0,"menu_order":0,"comment_status":"closed","ping_status":"closed","template":"","meta":[],"yoast_head":"<!-- This site is optimized with the Yoast SEO plugin v16.2 - https:\/\/yoast.com\/wordpress\/plugins\/seo\/ -->\n<title>Autres articles - SHREKTOUBIBS<\/title>\n<meta name=\"robots\" content=\"index, follow, max-snippet:-1, max-image-preview:large, max-video-preview:-1\" \/>\n<link rel=\"canonical\" href=\"https:\/\/shrektoubibs.lhmc.be\/index.php\/reunions\/\" \/>\n<meta property=\"og:locale\" content=\"fr_FR\" \/>\n<meta property=\"og:type\" content=\"article\" \/>\n<meta property=\"og:title\" content=\"Autres articles - SHREKTOUBIBS\" \/>\n<meta property=\"og:url\" content=\"https:\/\/shrektoubibs.lhmc.be\/index.php\/reunions\/\" \/>\n<meta property=\"og:site_name\" content=\"SHREKTOUBIBS\" \/>\n<meta property=\"article:modified_time\" content=\"2020-03-31T20:14:04+00:00\" \/>\n<meta name=\"twitter:card\" content=\"summary_large_image\" \/>\n<script type=\"application\/ld+json\" class=\"yoast-schema-graph\">{\"@context\":\"https:\/\/schema.org\",\"@graph\":[{\"@type\":\"WebSite\",\"@id\":\"https:\/\/shrektoubibs.lhmc.be\/#website\",\"url\":\"https:\/\/shrektoubibs.lhmc.be\/\",\"name\":\"SHREKTOUBIBS\",\"description\":\"Pour mieux nous rendre service !\",\"potentialAction\":[{\"@type\":\"SearchAction\",\"target\":\"https:\/\/shrektoubibs.lhmc.be\/?s={search_term_string}\",\"query-input\":\"required name=search_term_string\"}],\"inLanguage\":\"fr-FR\"},{\"@type\":\"WebPage\",\"@id\":\"https:\/\/shrektoubibs.lhmc.be\/index.php\/reunions\/#webpage\",\"url\":\"https:\/\/shrektoubibs.lhmc.be\/index.php\/reunions\/\",\"name\":\"Autres articles - SHREKTOUBIBS\",\"isPartOf\":{\"@id\":\"https:\/\/shrektoubibs.lhmc.be\/#website\"},\"datePublished\":\"2020-03-31T19:13:11+00:00\",\"dateModified\":\"2020-03-31T20:14:04+00:00\",\"breadcrumb\":{\"@id\":\"https:\/\/shrektoubibs.lhmc.be\/index.php\/reunions\/#breadcrumb\"},\"inLanguage\":\"fr-FR\",\"potentialAction\":[{\"@type\":\"ReadAction\",\"target\":[\"https:\/\/shrektoubibs.lhmc.be\/index.php\/reunions\/\"]}]},{\"@type\":\"BreadcrumbList\",\"@id\":\"https:\/\/shrektoubibs.lhmc.be\/index.php\/reunions\/#breadcrumb\",\"itemListElement\":[{\"@type\":\"ListItem\",\"position\":1,\"item\":{\"@type\":\"WebPage\",\"@id\":\"https:\/\/shrektoubibs.lhmc.be\/\",\"url\":\"https:\/\/shrektoubibs.lhmc.be\/\",\"name\":\"Accueil\"}},{\"@type\":\"ListItem\",\"position\":2,\"item\":{\"@id\":\"https:\/\/shrektoubibs.lhmc.be\/index.php\/reunions\/#webpage\"}}]}]}<\/script>\n<!-- \/ Yoast SEO plugin. -->","_links":{"self":[{"href":"https:\/\/shrektoubibs.lhmc.be\/index.php\/wp-json\/wp\/v2\/pages\/171"}],"collection":[{"href":"https:\/\/shrektoubibs.lhmc.be\/index.php\/wp-json\/wp\/v2\/pages"}],"about":[{"href":"https:\/\/shrektoubibs.lhmc.be\/index.php\/wp-json\/wp\/v2\/types\/page"}],"author":[{"embeddable":true,"href":"https:\/\/shrektoubibs.lhmc.be\/index.php\/wp-json\/wp\/v2\/users\/1"}],"replies":[{"embeddable":true,"href":"https:\/\/shrektoubibs.lhmc.be\/index.php\/wp-json\/wp\/v2\/comments?post=171"}],"version-history":[{"count":2,"href":"https:\/\/shrektoubibs.lhmc.be\/index.php\/wp-json\/wp\/v2\/pages\/171\/revisions"}],"predecessor-version":[{"id":188,"href":"https:\/\/shrektoubibs.lhmc.be\/index.php\/wp-json\/wp\/v2\/pages\/171\/revisions\/188"}],"wp:attachment":[{"href":"https:\/\/shrektoubibs.lhmc.be\/index.php\/wp-json\/wp\/v2\/media?parent=171"}],"curies":[{"name":"wp","href":"https:\/\/api.w.org\/{rel}","templated":true}]}}